{"id":189,"date":"2017-11-13T15:33:49","date_gmt":"2017-11-13T15:33:49","guid":{"rendered":"http:\/\/jvlfogos.com.br\/?page_id=189"},"modified":"2023-10-02T14:35:54","modified_gmt":"2023-10-02T17:35:54","slug":"checklist","status":"publish","type":"page","link":"https:\/\/jvlfogos.com.br\/?page_id=189","title":{"rendered":"A empresa"},"content":{"rendered":"<section class=\"wpb-content-wrapper\"><p>[vc_row][vc_column][vc_empty_space height=&#8221;2.5em&#8221; alter_height=&#8221;none&#8221; hide_on_desktop=&#8221;&#8221; hide_on_notebook=&#8221;&#8221; hide_on_tablet=&#8221;&#8221; hide_on_mobile=&#8221;&#8221;]<div id=\"sc_title_1540705188\"\n\t\tclass=\"sc_title color_style_default sc_title_default\"><h6 class=\"sc_item_subtitle sc_title_subtitle sc_align_center sc_item_title_style_default\">Nossa<\/h6><h3 class=\"sc_item_title sc_title_title sc_align_center sc_item_title_style_default\">Hist\u00f3ria<\/h3><\/div><!-- \/.sc_title -->[vc_empty_space height=&#8221;2.5em&#8221; alter_height=&#8221;none&#8221; hide_on_desktop=&#8221;&#8221; hide_on_notebook=&#8221;&#8221; hide_on_tablet=&#8221;&#8221; hide_on_mobile=&#8221;&#8221;]<div id=\"sc_content_1118337398\"\n\t\tclass=\"sc_content color_style_default sc_content_default sc_content_width_90p sc_float_center\"><div class=\"sc_content_container\">[vc_column_text]<\/p>\n<p style=\"text-align: left;\">A JVL FOGOS \u00e9 uma empresa especializada na comercializa\u00e7\u00e3o de fogos de artif\u00edcio e na realiza\u00e7\u00e3o de shows pirot\u00e9cnicos.A empresa destaca-se hoje entre as principais marcas de pirotecnia do Brasil, devido a sua excel\u00eancia em atendimento, produtos e servi\u00e7os.<br \/>\nTotalmente regulamentada e com uma completa infra-estrutura a empresa se encontra apta a realizar qualquer tipo de evento.<br \/>\nVisando aperfei\u00e7oar nossos conhecimentos, e para melhor atender nossa seleta carteira de clientes, participamos de v\u00e1rios cursos voltados para o ramo de pirotecnia, sempre visando uma maior qualidade e sobretudo a total seguran\u00e7a de nossos funcion\u00e1rios e clientes.<br \/>\nPor tudo isso, queremos n\u00e3o apenas sermos fornecedores, mas sobretudo PARCEIROS, que levar\u00e1 at\u00e9 voc\u00ea alguns momentos de sonho e magia, colocando a sua disposi\u00e7\u00e3o, todo nosso conhecimento, experi\u00eancia e empenho, para realiza\u00e7\u00e3o de seu evento.[\/vc_column_text]<\/div><\/div><!-- \/.sc_content -->[\/vc_column][\/vc_row][vc_row][vc_column width=&#8221;1\/2&#8243;][\/vc_column][\/vc_row][vc_row][vc_column][vc_empty_space height=&#8221;1.8em&#8221; alter_height=&#8221;none&#8221; hide_on_desktop=&#8221;&#8221; hide_on_notebook=&#8221;&#8221; hide_on_tablet=&#8221;&#8221; hide_on_mobile=&#8221;&#8221;][\/vc_column][\/vc_row][vc_row][vc_column width=&#8221;2\/3&#8243;][vc_empty_space height=&#8221;1.8em&#8221; alter_height=&#8221;none&#8221; hide_on_desktop=&#8221;&#8221; hide_on_notebook=&#8221;&#8221; hide_on_tablet=&#8221;&#8221; hide_on_mobile=&#8221;&#8221;][\/vc_column][\/vc_row][vc_row hide_bg_image_on_tablet=&#8221;&#8221; hide_bg_image_on_mobile=&#8221;&#8221; css=&#8221;.vc_custom_1511360468633{background-color: #fcc044 !important;border-radius: 30px !important;}&#8221;][vc_column][vc_empty_space height=&#8221;2.1em&#8221; alter_height=&#8221;none&#8221; hide_on_desktop=&#8221;&#8221; hide_on_notebook=&#8221;&#8221; hide_on_tablet=&#8221;&#8221; hide_on_mobile=&#8221;&#8221;]<div id=\"sc_title_1240968851\"\n\t\tclass=\"sc_title color_style_default scheme_dark sc_title_default\"><h4 class=\"sc_item_title sc_title_title sc_align_center sc_item_title_style_default sc_item_title_tag\">MAIS QUALIDADE E SEGURAN\u00c7A PARA VOC\u00ca<\/h4><\/div><!-- \/.sc_title -->[vc_empty_space height=&#8221;2em&#8221; alter_height=&#8221;none&#8221; hide_on_desktop=&#8221;&#8221; hide_on_notebook=&#8221;&#8221; hide_on_tablet=&#8221;&#8221; hide_on_mobile=&#8221;&#8221;][\/vc_column][\/vc_row][vc_row][vc_column][vc_empty_space height=&#8221;4.8em&#8221; alter_height=&#8221;none&#8221; hide_on_desktop=&#8221;&#8221; hide_on_notebook=&#8221;&#8221; hide_on_tablet=&#8221;&#8221; hide_on_mobile=&#8221;&#8221;][\/vc_column][\/vc_row][vc_row][vc_column width=&#8221;5\/12&#8243; hide_bg_image_on_tablet=&#8221;&#8221; hide_bg_image_on_mobile=&#8221;&#8221;]<div id=\"sc_content_699074274\"\n\t\tclass=\"sc_content color_style_default scheme_dark sc_content_default sc_content_width_100p sc_float_center sc_padding_medium extra_block  vc_custom_1696256411207\"><div class=\"sc_content_container\"><div id=\"sc_title_1260996573\"\n\t\tclass=\"sc_title color_style_default scheme_dark sc_title_default\"><h5 class=\"sc_item_title sc_title_title sc_align_left sc_item_title_style_default sc_item_title_tag\">PRESAMOS POR VALORES QUE CUIDAM<\/h5><\/div><!-- \/.sc_title -->[vc_empty_space height=&#8221;1em&#8221; alter_height=&#8221;none&#8221; hide_on_desktop=&#8221;&#8221; hide_on_notebook=&#8221;&#8221; hide_on_tablet=&#8221;&#8221; hide_on_mobile=&#8221;&#8221;][vc_empty_space height=&#8221;2.15em&#8221; alter_height=&#8221;none&#8221; hide_on_desktop=&#8221;&#8221; hide_on_notebook=&#8221;&#8221; hide_on_tablet=&#8221;&#8221; hide_on_mobile=&#8221;&#8221;][vc_column_text]<span style=\"color: #ffffff;\">Do m\u00e1ximo n\u00edvel de qualidade e seguran\u00e7a em todo processo, sendo assim capacitamos nossos colaboradores para cumprir todas as normas de manuseamento e armazenamento.<br \/>\nQuer saber um pouco mais sobre como utilizar nossos produtos?<br \/>\n<\/span>[\/vc_column_text][vc_empty_space height=&#8221;3em&#8221; alter_height=&#8221;none&#8221; hide_on_desktop=&#8221;&#8221; hide_on_notebook=&#8221;&#8221; hide_on_tablet=&#8221;&#8221; hide_on_mobile=&#8221;&#8221;]<a href=\"http:\/\/jvlfogos.com.br\/?page_id=296\" id=\"sc_button_534638358\" class=\"sc_button color_style_dark sc_button_default sc_button_size_large sc_button_icon_left\"><span class=\"sc_button_text\"><span class=\"sc_button_title\">GALERIA DE V\u00cdDEOS<\/span><\/span><!-- \/.sc_button_text --><\/a><!-- \/.sc_button --><\/div><\/div><!-- \/.sc_content -->[vc_empty_space height=&#8221;2.2em&#8221; alter_height=&#8221;none&#8221; hide_on_desktop=&#8221;&#8221; hide_on_notebook=&#8221;&#8221; hide_on_tablet=&#8221;&#8221; hide_on_mobile=&#8221;&#8221;][\/vc_column][vc_column width=&#8221;7\/12&#8243;][vc_row_inner][vc_column_inner width=&#8221;1\/12&#8243;][\/vc_column_inner][vc_column_inner width=&#8221;11\/12&#8243;][vc_tta_accordion c_icon=&#8221;&#8221; active_section=&#8221;1&#8243;][vc_tta_section title=&#8221;Miss\u00e3o&#8221; tab_id=&#8221;1696268064391-3daf405c-9211&#8243;][vc_column_text]Fornecer fogos de art\u00edficios com qualidade e seguran\u00e7a[\/vc_column_text][\/vc_tta_section][vc_tta_section title=&#8221;Valores&#8221; tab_id=&#8221;1696268064451-f7ca3b68-f8ca&#8221;][vc_column_text]Seriedade , Confiabilidade , Responsabilidade , \u00c9tica.[\/vc_column_text][\/vc_tta_section][vc_tta_section title=&#8221;Responsabilidade Social&#8221; tab_id=&#8221;1696267948310-54c6eddb-5b36&#8243;][vc_column_text]Manter um ambiente de trabalho em que as a\u00e7\u00f5es respeitantes a estes itens sejam pr\u00e1ticas e preocupa\u00e7\u00f5es di\u00e1rias e que visem sempre um futuro melhor de modo a influenciar positivamente as rela\u00e7\u00f5es estabelecidas com os colaboradores , clientes , fornecedores , concorrentes e comunidades em geral.[\/vc_column_text][vc_column_text]Manter um ambiente de trabalho em que as a\u00e7\u00f5es respeitantes a estes itens sejam pr\u00e1ticas e preocupa\u00e7\u00f5es di\u00e1rias e que visem sempre um futuro melhor de modo a influenciar positivamente as rela\u00e7\u00f5es estabelecidas com os colaboradores , clientes , fornecedores , concorrentes e comunidades em geral.[\/vc_column_text][\/vc_tta_section][\/vc_tta_accordion][vc_empty_space height=&#8221;2em&#8221; alter_height=&#8221;none&#8221; hide_on_desktop=&#8221;&#8221; hide_on_notebook=&#8221;&#8221; hide_on_tablet=&#8221;&#8221; hide_on_mobile=&#8221;1&#8243;][vc_empty_space height=&#8221;0.9em&#8221; alter_height=&#8221;none&#8221; hide_on_desktop=&#8221;&#8221; hide_on_notebook=&#8221;&#8221; hide_on_tablet=&#8221;&#8221; hide_on_mobile=&#8221;&#8221;]<a href=\"http:\/\/jvlfogos.com.br\/?page_id=139\" id=\"sc_button_1443660419\" class=\"sc_button color_style_default sc_button_default download-pdf sc_button_size_normal sc_button_icon_left\"><span class=\"sc_button_text\"><span class=\"sc_button_title\">Nosso blog<\/span><\/span><!-- \/.sc_button_text --><\/a><!-- \/.sc_button -->[\/vc_column_inner][\/vc_row_inner][vc_empty_space height=&#8221;5.4em&#8221; alter_height=&#8221;none&#8221; hide_on_desktop=&#8221;&#8221; hide_on_notebook=&#8221;&#8221; hide_on_tablet=&#8221;&#8221; hide_on_mobile=&#8221;&#8221;][\/vc_column][\/vc_row][vc_row][vc_column][vc_empty_space height=&#8221;2.4em&#8221; alter_height=&#8221;none&#8221; hide_on_desktop=&#8221;&#8221; hide_on_notebook=&#8221;&#8221; hide_on_tablet=&#8221;&#8221; hide_on_mobile=&#8221;1&#8243;][\/vc_column][\/vc_row]<\/p>\n<\/section>","protected":false},"excerpt":{"rendered":"<p>[vc_row][vc_column][vc_empty_space height=&#8221;2.5em&#8221; alter_height=&#8221;none&#8221; hide_on_desktop=&#8221;&#8221; hide_on_notebook=&#8221;&#8221; hide_on_tablet=&#8221;&#8221; hide_on_mobile=&#8221;&#8221;][vc_empty_space height=&#8221;2.5em&#8221; alter_height=&#8221;none&#8221; hide_on_desktop=&#8221;&#8221; hide_on_notebook=&#8221;&#8221; hide_on_tablet=&#8221;&#8221; hide_on_mobile=&#8221;&#8221;][\/vc_column][\/vc_row][vc_row][vc_column width=&#8221;1\/2&#8243;][\/vc_column][\/vc_row][vc_row][vc_column][vc_empty_space height=&#8221;1.8em&#8221; alter_height=&#8221;none&#8221; hide_on_desktop=&#8221;&#8221; hide_on_notebook=&#8221;&#8221; hide_on_tablet=&#8221;&#8221; hide_on_mobile=&#8221;&#8221;][\/vc_column][\/vc_row][vc_row][vc_column width=&#8221;2\/3&#8243;][vc_empty_space height=&#8221;1.8em&#8221; alter_height=&#8221;none&#8221; hide_on_desktop=&#8221;&#8221; hide_on_notebook=&#8221;&#8221; hide_on_tablet=&#8221;&#8221; hide_on_mobile=&#8221;&#8221;][\/vc_column][\/vc_row][vc_row hide_bg_image_on_tablet=&#8221;&#8221; hide_bg_image_on_mobile=&#8221;&#8221; css=&#8221;.vc_custom_1511360468633{background-color: #fcc044 !important;border-radius: 30px !important;}&#8221;][vc_column][vc_empty_space height=&#8221;2.1em&#8221; alter_height=&#8221;none&#8221; hide_on_desktop=&#8221;&#8221; hide_on_notebook=&#8221;&#8221; hide_on_tablet=&#8221;&#8221; hide_on_mobile=&#8221;&#8221;][vc_empty_space height=&#8221;2em&#8221; alter_height=&#8221;none&#8221; hide_on_desktop=&#8221;&#8221; hide_on_notebook=&#8221;&#8221; hide_on_tablet=&#8221;&#8221;&hellip;<\/p>\n","protected":false},"author":1,"featured_media":0,"parent":0,"menu_order":0,"comment_status":"closed","ping_status":"closed","template":"","meta":{"footnotes":""},"class_list":["post-189","page","type-page","status-publish","hentry"],"_links":{"self":[{"href":"https:\/\/jvlfogos.com.br\/index.php?rest_route=\/wp\/v2\/pages\/189","targetHints":{"allow":["GET"]}}],"collection":[{"href":"https:\/\/jvlfogos.com.br\/index.php?rest_route=\/wp\/v2\/pages"}],"about":[{"href":"https:\/\/jvlfogos.com.br\/index.php?rest_route=\/wp\/v2\/types\/page"}],"author":[{"embeddable":true,"href":"https:\/\/jvlfogos.com.br\/index.php?rest_route=\/wp\/v2\/users\/1"}],"replies":[{"embeddable":true,"href":"https:\/\/jvlfogos.com.br\/index.php?rest_route=%2Fwp%2Fv2%2Fcomments&post=189"}],"version-history":[{"count":33,"href":"https:\/\/jvlfogos.com.br\/index.php?rest_route=\/wp\/v2\/pages\/189\/revisions"}],"predecessor-version":[{"id":1020,"href":"https:\/\/jvlfogos.com.br\/index.php?rest_route=\/wp\/v2\/pages\/189\/revisions\/1020"}],"wp:attachment":[{"href":"https:\/\/jvlfogos.com.br\/index.php?rest_route=%2Fwp%2Fv2%2Fmedia&parent=189"}],"curies":[{"name":"wp","href":"https:\/\/api.w.org\/{rel}","templated":true}]}}